{"id":2,"date":"2024-06-14T19:43:17","date_gmt":"2024-06-14T17:43:17","guid":{"rendered":"http:\/\/wordpress-pflichtangaben.p671235.webspaceconfig.de\/?page_id=2"},"modified":"2026-03-20T10:36:52","modified_gmt":"2026-03-20T09:36:52","slug":"pflichtangaben","status":"publish","type":"page","link":"https:\/\/pflichtangaben.tbfglobal.com\/en\/","title":{"rendered":"Pflichtangaben"},"content":{"rendered":"<section class=\"bde-section-2-101 bde-section\">\n  \n  \n\t\n\n\n\n<div class=\"section-container\"><\/div>\n<\/section><section class=\"bde-section-2-102 bde-section\" data-entrance=\"fade\">\n              \n  \n  \n\t    \n      <div class=\"section-background-video\">\n              <video\n          autoplay\n muted\n playsinline\n loop\n>\n        <source src=\"https:\/\/pflichtangaben.tbfglobal.com\/wp-content\/uploads\/tbf-global-fonds-aktien-startvideo-klein.mp4\" type=\"video\/mp4\" \/>\n      <\/video>\n      <\/div>\n\n\n\n\n<div class=\"section-container\"><div class=\"bde-div-2-103 bde-div\">\n  \n  \n\t\n\n\n\n<h1 class=\"bde-heading-2-104 bde-heading\">\nrecognizing <br>visions, <br>managing <br>risks\n<\/h1><h1 class=\"bde-heading-2-105 bde-heading\">\nAKTIEN- UND ANLEIHEINVESTMENTS SEIT \u00fcber 25 JAHREN, MADE IN GERMANY<br>\n<\/h1>\n<\/div><div class=\"de-scroll-button-2-106 de-scroll-button\" role=\"button\" aria-label=\"Scroll Button\">\n  <div class=\"de-icon mouse\">      \n        \t<div class=\"scroll\"><\/div>\n  \t  <\/div>\n\n\n<\/div><\/div>\n<\/section><section class=\"bde-section-2-107 bde-section\">\n  \n  \n\t\n\n\n\n<div class=\"section-container\"><div class=\"bde-div-2-108 bde-div\">\n  \n  \n\t\n\n\n\n<div class=\"bde-div-2-109 bde-div\">\n  \n  \n\t\n\n\n\n<h1 class=\"bde-heading-2-110 bde-heading\" data-entrance=\"flipRight\">\nThat\n<\/h1><h1 class=\"bde-heading-2-111 bde-heading\" data-entrance=\"flipRight\">\nis\n<\/h1><h1 class=\"bde-heading-2-112 bde-heading\" data-entrance=\"flipRight\">\nTBF\n<\/h1>\n<\/div><div class=\"bde-div-2-113 bde-div\">\n  \n  \n\t\n\n\n\n<h1 class=\"bde-heading-2-114 bde-heading\">\nCorporate analysis is our passion, understanding complex supply chains is our expertise.\n<\/h1><div class=\"bde-text-2-115 bde-text\">\nTBF stands for active asset management with the aim of generating long-term added value for its investors and sees itself as a supplier to the financial industry. The cornerstones of our value-oriented day-to-day activities are our in-house company database and risk model, on-site company meetings and a strict investment process with a clear buy and sell discipline. <br>Are you looking for an individual solution? All of our strategies can also be customized for institutional investors as part of special or label funds - please contact us!\n<\/div><div class=\"bde-div-2-117 bde-div\">\n  \n  \n\t\n\n\n\n<div class=\"bde-button-2-118 bde-button\">\n        \n    \n    \n    \n    \n            \n                    \n            \n            \n\n    \n    \n    \n    \n    \n    <a class=\"breakdance-link button-atom button-atom--custom bde-button__button\" href=\"https:\/\/www.tbfsam.com\/fonds\/\" target=\"_self\" data-type=\"url\"  >\n\n    \n        <span class=\"button-atom__text\">to the funds<\/span>\n\n                            \n        \n                <\/a>\n\n    \n\n\n<\/div><div class=\"bde-button-2-119 bde-button\">\n        \n    \n    \n    \n    \n            \n                    \n            \n            \n\n    \n    \n    \n    \n    \n    <a class=\"breakdance-link button-atom button-atom--custom bde-button__button\" href=\"https:\/\/www.tbfsam.com\/das-ist-tbf\/unternehmen\/\" target=\"_self\" data-type=\"url\"  >\n\n    \n        <span class=\"button-atom__text\">about us<\/span>\n\n                            \n        \n                <\/a>\n\n    \n\n\n<\/div>\n<\/div>\n<\/div>\n<\/div><\/div>\n<\/section><section class=\"bde-section-2-120 bde-section\">\n  \n  \n\t\n\n\n\n<div class=\"section-container\"><img decoding=\"async\" class=\"bde-image2-2-121 bde-image2\" src=\"https:\/\/pflichtangaben.tbfglobal.com\/wp-content\/uploads\/tbf-global-grauer-hintergrund.png\" loading=\"lazy\" srcset=\"https:\/\/pflichtangaben.tbfglobal.com\/wp-content\/uploads\/tbf-global-grauer-hintergrund.png 3440w, https:\/\/pflichtangaben.tbfglobal.com\/wp-content\/uploads\/tbf-global-grauer-hintergrund-300x126.png 300w, https:\/\/pflichtangaben.tbfglobal.com\/wp-content\/uploads\/tbf-global-grauer-hintergrund-1024x429.png 1024w, https:\/\/pflichtangaben.tbfglobal.com\/wp-content\/uploads\/tbf-global-grauer-hintergrund-150x63.png 150w, https:\/\/pflichtangaben.tbfglobal.com\/wp-content\/uploads\/tbf-global-grauer-hintergrund-768x321.png 768w, https:\/\/pflichtangaben.tbfglobal.com\/wp-content\/uploads\/tbf-global-grauer-hintergrund-1536x643.png 1536w, https:\/\/pflichtangaben.tbfglobal.com\/wp-content\/uploads\/tbf-global-grauer-hintergrund-2048x857.png 2048w, https:\/\/pflichtangaben.tbfglobal.com\/wp-content\/uploads\/tbf-global-grauer-hintergrund-18x8.png 18w\" sizes=\"(max-width: 3440px) 100vw, 3440px\"><\/div>\n<\/section><section class=\"bde-section-2-122 bde-section\">\n  \n  \n\t\n\n\n\n<div class=\"section-container\"><div class=\"bde-div-2-123 bde-div\">\n  \n  \n\t\n\n\n\n<div class=\"bde-post-loop-2-124 bde-post-loop\" data-entrance=\"slideUp\">    <div class=\"bde-isotope-filter-bar\">\n        <div class=\"bde-tabs\">\n            \n\n        \n  \n  \n  <div class=\"bde-tabs__tabslist-container bde-tabs__tabslist-container--scrollable is-horizontal js-tabs-container\">\n    <div class=\"bde-tabs__tabslist bde-tabs__tabslist--tabs js-tablist\" role=\"tablist\" aria-label=\"Content tabs\" aria-orientation=\"horizontal\" data-tabs-id=\"isotope\">\n      \n              <button role=\"tab\" aria-selected=\"false\" class=\"bde-tabs__tab js-tab\" aria-controls=\"tab-panel-isotope-1\" id=\"tab-isotope-1\" data-value=\"2\">\n                    <span class=\"bde-tabs__tab-title\">all transparencies<\/span>\n        <\/button>\n              <button role=\"tab\" aria-selected=\"false\" class=\"bde-tabs__tab js-tab\" aria-controls=\"tab-panel-isotope-2\" id=\"tab-isotope-2\" data-value=\"4\">\n                    <span class=\"bde-tabs__tab-title\">ESG-policies<\/span>\n        <\/button>\n              <button role=\"tab\" aria-selected=\"false\" class=\"bde-tabs__tab js-tab\" aria-controls=\"tab-panel-isotope-3\" id=\"tab-isotope-3\" data-value=\"3\">\n                    <span class=\"bde-tabs__tab-title\">TBF-policies<\/span>\n        <\/button>\n          <\/div>\n  <\/div>\n\n\n        <\/div>\n    <\/div>\n<div class=\"bde-loop bde-loop-list ee-posts ee-posts-list bde-loop-isotope ee-posts-isotope\">    <article class=\"bde-loop-item ee-post\" data-filters=\"2,4\">\n        <div class=\"bde-div-3008-100-2979-3008-1 bde-div bde-div-3008-100\">\n  \n  \n\t\n\n\n\n<h1 class=\"bde-heading-3008-101-2979-3008-1 bde-heading bde-heading-3008-101\">\nPr\u00e4sentation zur ESG-Integration\n<\/h1><div class=\"bde-text-3008-102-2979-3008-1 bde-text bde-text-3008-102\">\n1. January 2026\n<\/div><div class=\"bde-text-3008-103-2979-3008-1 bde-text bde-text-3008-103\">\n\nHier k\u00f6nnen Sie die Pr\u00e4sentation zur ESG-Integration bei TBF abrufen.\n\n\n\n\n...\n<\/div><div class=\"bde-button-3008-104-2979-3008-1 bde-button bde-button-3008-104\">\n        \n    \n    \n    \n    \n            \n                    \n            \n            \n\n    \n    \n    \n    \n    \n    <a class=\"breakdance-link button-atom button-atom--text bde-button__button\" href=\"https:\/\/pflichtangaben.tbfglobal.com\/en\/praesentation-zur-esg-integration\/\" target=\"_blank\" data-type=\"url\"  >\n\n    \n        <span class=\"button-atom__text\">read article<\/span>\n\n        \n                    \n    <span class=\"button-atom__icon-wrapper\">\n\n        \n            <svg class=\"un-arrow-icon\" xmlns=\"http:\/\/www.w3.org\/2000\/svg\" width=\"32\" height=\"32\" viewbox=\"0 0 32 32\">\n                <g fill=\"none\" stroke-width=\"1.9\" stroke-linejoin=\"round\" stroke-miterlimit=\"10\">\n                    <circle class=\"un-arrow-icon_circle\" cx=\"16\" cy=\"16\" r=\"15.12\"><\/circle>\n                    <path class=\"un-arrow-icon_arrow\" d=\"M16.14 9.93L22.21 16l-6.07 6.07M8.23 16h13.98\"><\/path>\n                <\/g>\n            <\/svg>\n\n        \n    <\/span>\n\n\n        \n                <\/a>\n\n    \n\n\n<\/div>\n<\/div>    <\/article>\n    <article class=\"bde-loop-item ee-post\" data-filters=\"2,4\">\n        <div class=\"bde-div-3008-100-2964-3008-1 bde-div bde-div-3008-100\">\n  \n  \n\t\n\n\n\n<h1 class=\"bde-heading-3008-101-2964-3008-1 bde-heading bde-heading-3008-101\">\nESG-Nachhaltigkeitsrisiken\n<\/h1><div class=\"bde-text-3008-102-2964-3008-1 bde-text bde-text-3008-102\">\n1. September 2025\n<\/div><div class=\"bde-text-3008-103-2964-3008-1 bde-text bde-text-3008-103\">\n\nOffenlegungspflichten der TBF Global Asset Management GmbH gem\u00e4\u00df Artikel 3, Art...\n<\/div><div class=\"bde-button-3008-104-2964-3008-1 bde-button bde-button-3008-104\">\n        \n    \n    \n    \n    \n            \n                    \n            \n            \n\n    \n    \n    \n    \n    \n    <a class=\"breakdance-link button-atom button-atom--text bde-button__button\" href=\"https:\/\/pflichtangaben.tbfglobal.com\/en\/esg-nachhaltigkeitsrisiken\/\" target=\"_blank\" data-type=\"url\"  >\n\n    \n        <span class=\"button-atom__text\">read article<\/span>\n\n        \n                    \n    <span class=\"button-atom__icon-wrapper\">\n\n        \n            <svg class=\"un-arrow-icon\" xmlns=\"http:\/\/www.w3.org\/2000\/svg\" width=\"32\" height=\"32\" viewbox=\"0 0 32 32\">\n                <g fill=\"none\" stroke-width=\"1.9\" stroke-linejoin=\"round\" stroke-miterlimit=\"10\">\n                    <circle class=\"un-arrow-icon_circle\" cx=\"16\" cy=\"16\" r=\"15.12\"><\/circle>\n                    <path class=\"un-arrow-icon_arrow\" d=\"M16.14 9.93L22.21 16l-6.07 6.07M8.23 16h13.98\"><\/path>\n                <\/g>\n            <\/svg>\n\n        \n    <\/span>\n\n\n        \n                <\/a>\n\n    \n\n\n<\/div>\n<\/div>    <\/article>\n    <article class=\"bde-loop-item ee-post\" data-filters=\"2,3\">\n        <div class=\"bde-div-3008-100-2600-3008-1 bde-div bde-div-3008-100\">\n  \n  \n\t\n\n\n\n<h1 class=\"bde-heading-3008-101-2600-3008-1 bde-heading bde-heading-3008-101\">\nBeschwerdemanagement Grunds\u00e4tze\n<\/h1><div class=\"bde-text-3008-102-2600-3008-1 bde-text bde-text-3008-102\">\n1. September 2025\n<\/div><div class=\"bde-text-3008-103-2600-3008-1 bde-text bde-text-3008-103\">\n\nBeschwerdemanagement Grunds\u00e4tze\n\n\n\nF\u00fcr uns steht die Zufriedenheit unserer Kund...\n<\/div><div class=\"bde-button-3008-104-2600-3008-1 bde-button bde-button-3008-104\">\n        \n    \n    \n    \n    \n            \n                    \n            \n            \n\n    \n    \n    \n    \n    \n    <a class=\"breakdance-link button-atom button-atom--text bde-button__button\" href=\"https:\/\/pflichtangaben.tbfglobal.com\/en\/beschwerdemanagement-grundsaetze\/\" target=\"_blank\" data-type=\"url\"  >\n\n    \n        <span class=\"button-atom__text\">read article<\/span>\n\n        \n                    \n    <span class=\"button-atom__icon-wrapper\">\n\n        \n            <svg class=\"un-arrow-icon\" xmlns=\"http:\/\/www.w3.org\/2000\/svg\" width=\"32\" height=\"32\" viewbox=\"0 0 32 32\">\n                <g fill=\"none\" stroke-width=\"1.9\" stroke-linejoin=\"round\" stroke-miterlimit=\"10\">\n                    <circle class=\"un-arrow-icon_circle\" cx=\"16\" cy=\"16\" r=\"15.12\"><\/circle>\n                    <path class=\"un-arrow-icon_arrow\" d=\"M16.14 9.93L22.21 16l-6.07 6.07M8.23 16h13.98\"><\/path>\n                <\/g>\n            <\/svg>\n\n        \n    <\/span>\n\n\n        \n                <\/a>\n\n    \n\n\n<\/div>\n<\/div>    <\/article>\n    <article class=\"bde-loop-item ee-post\" data-filters=\"2,3\">\n        <div class=\"bde-div-3008-100-2593-3008-1 bde-div bde-div-3008-100\">\n  \n  \n\t\n\n\n\n<h1 class=\"bde-heading-3008-101-2593-3008-1 bde-heading bde-heading-3008-101\">\nAML Policy\n<\/h1><div class=\"bde-text-3008-102-2593-3008-1 bde-text bde-text-3008-102\">\n1. September 2025\n<\/div><div class=\"bde-text-3008-103-2593-3008-1 bde-text bde-text-3008-103\">\n\nAML Policy 2025\u00a0der TBF Global Asset Management GmbH\n\n\n\nDie TBF Global Asset Ma...\n<\/div><div class=\"bde-button-3008-104-2593-3008-1 bde-button bde-button-3008-104\">\n        \n    \n    \n    \n    \n            \n                    \n            \n            \n\n    \n    \n    \n    \n    \n    <a class=\"breakdance-link button-atom button-atom--text bde-button__button\" href=\"https:\/\/pflichtangaben.tbfglobal.com\/en\/aml-policy\/\" target=\"_blank\" data-type=\"url\"  >\n\n    \n        <span class=\"button-atom__text\">read article<\/span>\n\n        \n                    \n    <span class=\"button-atom__icon-wrapper\">\n\n        \n            <svg class=\"un-arrow-icon\" xmlns=\"http:\/\/www.w3.org\/2000\/svg\" width=\"32\" height=\"32\" viewbox=\"0 0 32 32\">\n                <g fill=\"none\" stroke-width=\"1.9\" stroke-linejoin=\"round\" stroke-miterlimit=\"10\">\n                    <circle class=\"un-arrow-icon_circle\" cx=\"16\" cy=\"16\" r=\"15.12\"><\/circle>\n                    <path class=\"un-arrow-icon_arrow\" d=\"M16.14 9.93L22.21 16l-6.07 6.07M8.23 16h13.98\"><\/path>\n                <\/g>\n            <\/svg>\n\n        \n    <\/span>\n\n\n        \n                <\/a>\n\n    \n\n\n<\/div>\n<\/div>    <\/article>\n    <article class=\"bde-loop-item ee-post\" data-filters=\"2,3\">\n        <div class=\"bde-div-3008-100-2591-3008-1 bde-div bde-div-3008-100\">\n  \n  \n\t\n\n\n\n<h1 class=\"bde-heading-3008-101-2591-3008-1 bde-heading bde-heading-3008-101\">\nBest Execution Policy\n<\/h1><div class=\"bde-text-3008-102-2591-3008-1 bde-text bde-text-3008-102\">\n1. September 2025\n<\/div><div class=\"bde-text-3008-103-2591-3008-1 bde-text bde-text-3008-103\">\n\nOrderausf\u00fchrungsgrunds\u00e4tze\n\n\n\nI. ZielsetzungDie Best Execution Policy regelt Gr...\n<\/div><div class=\"bde-button-3008-104-2591-3008-1 bde-button bde-button-3008-104\">\n        \n    \n    \n    \n    \n            \n                    \n            \n            \n\n    \n    \n    \n    \n    \n    <a class=\"breakdance-link button-atom button-atom--text bde-button__button\" href=\"https:\/\/pflichtangaben.tbfglobal.com\/en\/best-execution-policy\/\" target=\"_blank\" data-type=\"url\"  >\n\n    \n        <span class=\"button-atom__text\">read article<\/span>\n\n        \n                    \n    <span class=\"button-atom__icon-wrapper\">\n\n        \n            <svg class=\"un-arrow-icon\" xmlns=\"http:\/\/www.w3.org\/2000\/svg\" width=\"32\" height=\"32\" viewbox=\"0 0 32 32\">\n                <g fill=\"none\" stroke-width=\"1.9\" stroke-linejoin=\"round\" stroke-miterlimit=\"10\">\n                    <circle class=\"un-arrow-icon_circle\" cx=\"16\" cy=\"16\" r=\"15.12\"><\/circle>\n                    <path class=\"un-arrow-icon_arrow\" d=\"M16.14 9.93L22.21 16l-6.07 6.07M8.23 16h13.98\"><\/path>\n                <\/g>\n            <\/svg>\n\n        \n    <\/span>\n\n\n        \n                <\/a>\n\n    \n\n\n<\/div>\n<\/div>    <\/article>\n    <article class=\"bde-loop-item ee-post\" data-filters=\"2,4\">\n        <div class=\"bde-div-3008-100-2972-3008-1 bde-div bde-div-3008-100\">\n  \n  \n\t\n\n\n\n<h1 class=\"bde-heading-3008-101-2972-3008-1 bde-heading bde-heading-3008-101\">\nSustainability Policy TBF Global Asset Management\n<\/h1><div class=\"bde-text-3008-102-2972-3008-1 bde-text bde-text-3008-102\">\n18. March 2025\n<\/div><div class=\"bde-text-3008-103-2972-3008-1 bde-text bde-text-3008-103\">\n\nGerade bei der Geldanlage gibt es gute Gr\u00fcnde, auf Nachhaltigkeit zu achten. Un...\n<\/div><div class=\"bde-button-3008-104-2972-3008-1 bde-button bde-button-3008-104\">\n        \n    \n    \n    \n    \n            \n                    \n            \n            \n\n    \n    \n    \n    \n    \n    <a class=\"breakdance-link button-atom button-atom--text bde-button__button\" href=\"https:\/\/pflichtangaben.tbfglobal.com\/en\/nachhaltigkeits-policy-tbf-global-asset-management\/\" target=\"_blank\" data-type=\"url\"  >\n\n    \n        <span class=\"button-atom__text\">read article<\/span>\n\n        \n                    \n    <span class=\"button-atom__icon-wrapper\">\n\n        \n            <svg class=\"un-arrow-icon\" xmlns=\"http:\/\/www.w3.org\/2000\/svg\" width=\"32\" height=\"32\" viewbox=\"0 0 32 32\">\n                <g fill=\"none\" stroke-width=\"1.9\" stroke-linejoin=\"round\" stroke-miterlimit=\"10\">\n                    <circle class=\"un-arrow-icon_circle\" cx=\"16\" cy=\"16\" r=\"15.12\"><\/circle>\n                    <path class=\"un-arrow-icon_arrow\" d=\"M16.14 9.93L22.21 16l-6.07 6.07M8.23 16h13.98\"><\/path>\n                <\/g>\n            <\/svg>\n\n        \n    <\/span>\n\n\n        \n                <\/a>\n\n    \n\n\n<\/div>\n<\/div>    <\/article>\n    <article class=\"bde-loop-item ee-post\" data-filters=\"2,3\">\n        <div class=\"bde-div-3008-100-2563-3008-1 bde-div bde-div-3008-100\">\n  \n  \n\t\n\n\n\n<h1 class=\"bde-heading-3008-101-2563-3008-1 bde-heading bde-heading-3008-101\">\nDatenschutzinformationen\n<\/h1><div class=\"bde-text-3008-102-2563-3008-1 bde-text bde-text-3008-102\">\n28. February 2024\n<\/div><div class=\"bde-text-3008-103-2563-3008-1 bde-text bde-text-3008-103\">\n\nWir freuen uns \u00fcber Ihr Interesse an unserem Unternehmen. Der Datenschutz hat f...\n<\/div><div class=\"bde-button-3008-104-2563-3008-1 bde-button bde-button-3008-104\">\n        \n    \n    \n    \n    \n            \n                    \n            \n            \n\n    \n    \n    \n    \n    \n    <a class=\"breakdance-link button-atom button-atom--text bde-button__button\" href=\"https:\/\/pflichtangaben.tbfglobal.com\/en\/datenschutzinformationen\/\" target=\"_blank\" data-type=\"url\"  >\n\n    \n        <span class=\"button-atom__text\">read article<\/span>\n\n        \n                    \n    <span class=\"button-atom__icon-wrapper\">\n\n        \n            <svg class=\"un-arrow-icon\" xmlns=\"http:\/\/www.w3.org\/2000\/svg\" width=\"32\" height=\"32\" viewbox=\"0 0 32 32\">\n                <g fill=\"none\" stroke-width=\"1.9\" stroke-linejoin=\"round\" stroke-miterlimit=\"10\">\n                    <circle class=\"un-arrow-icon_circle\" cx=\"16\" cy=\"16\" r=\"15.12\"><\/circle>\n                    <path class=\"un-arrow-icon_arrow\" d=\"M16.14 9.93L22.21 16l-6.07 6.07M8.23 16h13.98\"><\/path>\n                <\/g>\n            <\/svg>\n\n        \n    <\/span>\n\n\n        \n                <\/a>\n\n    \n\n\n<\/div>\n<\/div>    <\/article>\n    <article class=\"bde-loop-item ee-post\" data-filters=\"2,3\">\n        <div class=\"bde-div-3008-100-2598-3008-1 bde-div bde-div-3008-100\">\n  \n  \n\t\n\n\n\n<h1 class=\"bde-heading-3008-101-2598-3008-1 bde-heading bde-heading-3008-101\">\nMitwirkungspolitik \u2013 Umsetzung der zweiten Aktion\u00e4rsrechtrichtlinie (ARUG II)\n<\/h1><div class=\"bde-text-3008-102-2598-3008-1 bde-text bde-text-3008-102\">\n30. April 2020\n<\/div><div class=\"bde-text-3008-103-2598-3008-1 bde-text bde-text-3008-103\">\n\nTBF Global Asset Management GmbH unterf\u00e4llt der Begriffsbestimmung nach als Ver...\n<\/div><div class=\"bde-button-3008-104-2598-3008-1 bde-button bde-button-3008-104\">\n        \n    \n    \n    \n    \n            \n                    \n            \n            \n\n    \n    \n    \n    \n    \n    <a class=\"breakdance-link button-atom button-atom--text bde-button__button\" href=\"https:\/\/pflichtangaben.tbfglobal.com\/en\/mitwirkungspolitik-umsetzung-der-zweiten-aktionaersrechtrichtlinie-arug-ii\/\" target=\"_blank\" data-type=\"url\"  >\n\n    \n        <span class=\"button-atom__text\">read article<\/span>\n\n        \n                    \n    <span class=\"button-atom__icon-wrapper\">\n\n        \n            <svg class=\"un-arrow-icon\" xmlns=\"http:\/\/www.w3.org\/2000\/svg\" width=\"32\" height=\"32\" viewbox=\"0 0 32 32\">\n                <g fill=\"none\" stroke-width=\"1.9\" stroke-linejoin=\"round\" stroke-miterlimit=\"10\">\n                    <circle class=\"un-arrow-icon_circle\" cx=\"16\" cy=\"16\" r=\"15.12\"><\/circle>\n                    <path class=\"un-arrow-icon_arrow\" d=\"M16.14 9.93L22.21 16l-6.07 6.07M8.23 16h13.98\"><\/path>\n                <\/g>\n            <\/svg>\n\n        \n    <\/span>\n\n\n        \n                <\/a>\n\n    \n\n\n<\/div>\n<\/div>    <\/article>\n<div class=\"bde-loop-item-gutter ee-post-gutter\"><\/div><div class=\"bde-loop-item-sizer ee-post-sizer\"><\/div><\/div>\r\n<\/div>\n<\/div><\/div>\n<\/section>","protected":false},"excerpt":{"rendered":"<p>CHANCEN SEHEN, RISIKEN MANAGEN AKTIEN- UND ANLEIHEINVESTMENTS SEIT \u00fcber 25 JAHREN, MADE IN GERMANY DAS IST TBF Unternehmensanalyse ist unsere Leidenschaft, komplexe Lieferketten zu verstehen unsere Expertise. TBF steht f\u00fcr ein aktives Asset Management mit dem Ziel, einen langfristigen Mehrwert f\u00fcr seine Investoren zu generieren und versteht sich als Zulieferer f\u00fcr die Finanzindustrie. Die Eckpfeiler [&hellip;]<\/p>\n","protected":false},"author":1,"featured_media":0,"parent":0,"menu_order":0,"comment_status":"closed","ping_status":"closed","template":"","meta":{"_acf_changed":false,"_breakdance_hide_in_design_set":false,"_breakdance_tags":"","footnotes":""},"class_list":["post-2","page","type-page","status-publish","hentry"],"acf":[],"yoast_head":"<!-- This site is optimized with the Yoast SEO plugin v27.4 - https:\/\/yoast.com\/product\/yoast-seo-wordpress\/ -->\n<title>Pflichtangaben - TBF Global Asset Management GmbH<\/title>\n<meta name=\"robots\" content=\"noindex, follow, max-snippet:-1, max-image-preview:large, max-video-preview:-1\" \/>\n<script type=\"application\/ld+json\" class=\"yoast-schema-graph\">{\"@context\":\"https:\\\/\\\/schema.org\",\"@graph\":[{\"@type\":\"WebPage\",\"@id\":\"https:\\\/\\\/pflichtangaben.tbfglobal.com\\\/de\\\/\",\"url\":\"https:\\\/\\\/pflichtangaben.tbfglobal.com\\\/startseite\",\"name\":\"Pflichtangaben - TBF Global Asset Management GmbH\",\"isPartOf\":{\"@id\":\"https:\\\/\\\/pflichtangaben.tbfglobal.com\\\/#website\"},\"datePublished\":\"2024-06-14T17:43:17+00:00\",\"dateModified\":\"2026-03-20T09:36:52+00:00\",\"breadcrumb\":{\"@id\":\"https:\\\/\\\/pflichtangaben.tbfglobal.com\\\/startseite#breadcrumb\"},\"inLanguage\":\"en-US\",\"potentialAction\":[{\"@type\":\"ReadAction\",\"target\":[\"https:\\\/\\\/pflichtangaben.tbfglobal.com\\\/startseite\"]}]},{\"@type\":\"BreadcrumbList\",\"@id\":\"https:\\\/\\\/pflichtangaben.tbfglobal.com\\\/startseite#breadcrumb\",\"itemListElement\":[{\"@type\":\"ListItem\",\"position\":1,\"name\":\"Startseite\",\"item\":\"https:\\\/\\\/pflichtangaben.tbfglobal.com\\\/de\\\/\"},{\"@type\":\"ListItem\",\"position\":2,\"name\":\"Pflichtangaben\"}]},{\"@type\":\"WebSite\",\"@id\":\"https:\\\/\\\/pflichtangaben.tbfglobal.com\\\/#website\",\"url\":\"https:\\\/\\\/pflichtangaben.tbfglobal.com\\\/\",\"name\":\"TBF Global Asset Management GmbH\",\"description\":\"Aktives Asset Management f\u00fcr langfristigen Verm\u00f6gensaufbau und Geldanlage\",\"potentialAction\":[{\"@type\":\"SearchAction\",\"target\":{\"@type\":\"EntryPoint\",\"urlTemplate\":\"https:\\\/\\\/pflichtangaben.tbfglobal.com\\\/?s={search_term_string}\"},\"query-input\":{\"@type\":\"PropertyValueSpecification\",\"valueRequired\":true,\"valueName\":\"search_term_string\"}}],\"inLanguage\":\"en-US\"}]}<\/script>\n<!-- \/ Yoast SEO plugin. -->","yoast_head_json":{"title":"Pflichtangaben - TBF Global Asset Management GmbH","robots":{"index":"noindex","follow":"follow","max-snippet":"max-snippet:-1","max-image-preview":"max-image-preview:large","max-video-preview":"max-video-preview:-1"},"schema":{"@context":"https:\/\/schema.org","@graph":[{"@type":"WebPage","@id":"https:\/\/pflichtangaben.tbfglobal.com\/de\/","url":"https:\/\/pflichtangaben.tbfglobal.com\/startseite","name":"Pflichtangaben - TBF Global Asset Management GmbH","isPartOf":{"@id":"https:\/\/pflichtangaben.tbfglobal.com\/#website"},"datePublished":"2024-06-14T17:43:17+00:00","dateModified":"2026-03-20T09:36:52+00:00","breadcrumb":{"@id":"https:\/\/pflichtangaben.tbfglobal.com\/startseite#breadcrumb"},"inLanguage":"en-US","potentialAction":[{"@type":"ReadAction","target":["https:\/\/pflichtangaben.tbfglobal.com\/startseite"]}]},{"@type":"BreadcrumbList","@id":"https:\/\/pflichtangaben.tbfglobal.com\/startseite#breadcrumb","itemListElement":[{"@type":"ListItem","position":1,"name":"Startseite","item":"https:\/\/pflichtangaben.tbfglobal.com\/de\/"},{"@type":"ListItem","position":2,"name":"Pflichtangaben"}]},{"@type":"WebSite","@id":"https:\/\/pflichtangaben.tbfglobal.com\/#website","url":"https:\/\/pflichtangaben.tbfglobal.com\/","name":"TBF Global Asset Management GmbH","description":"Aktives Asset Management f\u00fcr langfristigen Verm\u00f6gensaufbau und Geldanlage","potentialAction":[{"@type":"SearchAction","target":{"@type":"EntryPoint","urlTemplate":"https:\/\/pflichtangaben.tbfglobal.com\/?s={search_term_string}"},"query-input":{"@type":"PropertyValueSpecification","valueRequired":true,"valueName":"search_term_string"}}],"inLanguage":"en-US"}]}},"_links":{"self":[{"href":"https:\/\/pflichtangaben.tbfglobal.com\/en\/wp-json\/wp\/v2\/pages\/2","targetHints":{"allow":["GET"]}}],"collection":[{"href":"https:\/\/pflichtangaben.tbfglobal.com\/en\/wp-json\/wp\/v2\/pages"}],"about":[{"href":"https:\/\/pflichtangaben.tbfglobal.com\/en\/wp-json\/wp\/v2\/types\/page"}],"author":[{"embeddable":true,"href":"https:\/\/pflichtangaben.tbfglobal.com\/en\/wp-json\/wp\/v2\/users\/1"}],"replies":[{"embeddable":true,"href":"https:\/\/pflichtangaben.tbfglobal.com\/en\/wp-json\/wp\/v2\/comments?post=2"}],"version-history":[{"count":5,"href":"https:\/\/pflichtangaben.tbfglobal.com\/en\/wp-json\/wp\/v2\/pages\/2\/revisions"}],"predecessor-version":[{"id":3151,"href":"https:\/\/pflichtangaben.tbfglobal.com\/en\/wp-json\/wp\/v2\/pages\/2\/revisions\/3151"}],"wp:attachment":[{"href":"https:\/\/pflichtangaben.tbfglobal.com\/en\/wp-json\/wp\/v2\/media?parent=2"}],"curies":[{"name":"wp","href":"https:\/\/api.w.org\/{rel}","templated":true}]}}